{"id":623,"date":"2023-01-27T19:06:06","date_gmt":"2023-01-28T00:06:06","guid":{"rendered":"https:\/\/www.kichic.pe\/?page_id=623"},"modified":"2023-01-31T23:58:30","modified_gmt":"2023-02-01T04:58:30","slug":"privacy-policy","status":"publish","type":"page","link":"https:\/\/www.kichic.pe\/es\/privacy-policy\/","title":{"rendered":"Pol\u00edtica de privacidad"},"content":{"rendered":"\n<p>En cumplimiento de la Ley N\u00ba 29733 \u2013 Ley de Protecci\u00f3n de Datos, detallamos lo siguiente:<br>\u00bfQu\u00e9 datos personales recogemos y c\u00f3mo los<br>recogemos?<br>Por medio de formularios<br>A trav\u00e9s de los formularios recopilamos la informaci\u00f3n que aparece en los campos de los<br>mismos. Esta informaci\u00f3n es utilizada \u00fanicamente para comunicarnos contigo o para el<br>prop\u00f3sito explicado en el formulario. Adicionalmente podemos almacenar tu direcci\u00f3n IP<br>para mantener un registro del origen.<br>\u00bfQu\u00e9 derechos tienes sobre tus datos?<br>Si tienes una cuenta o has dejado comentarios en esta web, puedes solicitar recibir un<br>archivo de exportaci\u00f3n de los datos personales que tenemos sobre ti, incluyendo cualquier<br>dato que nos hayas proporcionado. Tambi\u00e9n puedes solicitar que eliminemos cualquier dato<br>personal que tengamos sobre ti. Esto no incluye ning\u00fan dato que estemos obligados a<br>conservar con fines administrativos, legales o de seguridad.<br>Confidencialidad de los datos personales<br>Los datos personales facilitados por las personas ser\u00e1n tratados con total confidencialidad y<br>se garantiza el deber de guardarlos adoptando todas las medidas de seguridad necesarias.<\/p>\n\n\n\n<p>Seguridad de los datos personales<br>En cumplimiento de la normativa vigente, se han adoptado medidas legales, organizativas y<br>t\u00e9cnicas apropiadas para garantizar la seguridad de los datos personales, evitando su<br>alteraci\u00f3n, p\u00e9rdida, tratamiento indebido o acceso no autorizado. En ese sentido, s\u00f3lo se<br>realizar\u00e1 el tratamiento de los datos personales que est\u00e9n almacenados en repositorios que<br>re\u00fanan las condiciones de seguridad exigidas por la normativa de seguridad de la<br>informaci\u00f3n, protecci\u00f3n de datos personales y uso de servicios en la nube en la<br>Administraci\u00f3n P\u00fablica del Estado Peruano.<br>Sobre el ejercicio de derechos como titular de<br>datos personales<\/p>\n\n\n\n<p>Las personas que hayan facilitado sus datos personales pueden ejercer sus derechos de<br>acceso, rectificaci\u00f3n, cancelaci\u00f3n y oposici\u00f3n, de impedir el suministro de sus datos<br>personales, de oposici\u00f3n al tratamiento o de tratamiento objetivo de los datos, en los<br>t\u00e9rminos recogidos en la legislaci\u00f3n peruana vigente. Para poder ejercer estos derechos los<br>ciudadanos deber\u00e1n dirigir la solicitud a la direcci\u00f3n de correo electr\u00f3nico [correo<br>electr\u00f3nico] con el asunto \u201cProtecci\u00f3n de datos personales\u201d, consignando sus datos,<br>acreditando su identidad y los motivos de su solicitud.<br>Vigencia y Modificaci\u00f3n de la Pol\u00edtica de<br>Privacidad<br>Nos reservamos el derecho a modificar esta Pol\u00edtica de Privacidad en el supuesto de que<br>exista un cambio en la legislaci\u00f3n vigente, doctrinal, jurisprudencial. Podremos realizar<br>modificaciones y correcciones a esta Pol\u00edtica de Privacidad. Si se introdujera alg\u00fan cambio<br>en esta Pol\u00edtica, el nuevo texto se publicar\u00e1 en la plataforma. Por favor s\u00edrvase verificar<br>regularmente este documento para consultar los cambios que puedan haber existido y de<br>qu\u00e9 manera le pueden afectar.<\/p>\n","protected":false},"excerpt":{"rendered":"<p>En cumplimiento de la Ley N\u00ba 29733 \u2013 Ley de Protecci\u00f3n de Datos, detallamos lo siguiente:\u00bfQu\u00e9 datos personales recogemos y c\u00f3mo losrecogemos?Por medio de formulariosA trav\u00e9s de los formularios recopilamos la informaci\u00f3n que aparece en los campos de losmismos. Esta informaci\u00f3n es utilizada \u00fanicamente para comunicarnos contigo o para elprop\u00f3sito explicado en el formulario. Adicionalmente [&hellip;]<\/p>\n","protected":false},"author":1982,"featured_media":0,"parent":0,"menu_order":0,"comment_status":"closed","ping_status":"closed","template":"","meta":{"_acf_changed":false,"footnotes":""},"class_list":["post-623","page","type-page","status-publish","hentry"],"acf":[],"_links":{"self":[{"href":"https:\/\/www.kichic.pe\/es\/wp-json\/wp\/v2\/pages\/623","targetHints":{"allow":["GET"]}}],"collection":[{"href":"https:\/\/www.kichic.pe\/es\/wp-json\/wp\/v2\/pages"}],"about":[{"href":"https:\/\/www.kichic.pe\/es\/wp-json\/wp\/v2\/types\/page"}],"author":[{"embeddable":true,"href":"https:\/\/www.kichic.pe\/es\/wp-json\/wp\/v2\/users\/1982"}],"replies":[{"embeddable":true,"href":"https:\/\/www.kichic.pe\/es\/wp-json\/wp\/v2\/comments?post=623"}],"version-history":[{"count":0,"href":"https:\/\/www.kichic.pe\/es\/wp-json\/wp\/v2\/pages\/623\/revisions"}],"wp:attachment":[{"href":"https:\/\/www.kichic.pe\/es\/wp-json\/wp\/v2\/media?parent=623"}],"curies":[{"name":"wp","href":"https:\/\/api.w.org\/{rel}","templated":true}]}}