{"id":351,"date":"2023-01-27T09:54:02","date_gmt":"2023-01-27T14:54:02","guid":{"rendered":"https:\/\/www.kichic.pe\/encuentranos\/"},"modified":"2023-02-13T08:58:57","modified_gmt":"2023-02-13T13:58:57","slug":"find-us","status":"publish","type":"page","link":"https:\/\/www.kichic.pe\/en\/find-us\/","title":{"rendered":"Find Us"},"content":{"rendered":"<div data-elementor-type=\"wp-page\" data-elementor-id=\"351\" class=\"elementor elementor-351\" data-elementor-post-type=\"page\">\n\t\t\t\t<main class=\"elementor-element elementor-element-408d4d87 e-flex e-con-boxed e-con e-parent\" data-id=\"408d4d87\" data-element_type=\"container\">\n\t\t\t\t\t<div class=\"e-con-inner\">\n\t\t<div class=\"elementor-element elementor-element-3c7e3485 e-flex e-con-boxed e-con e-child\" data-id=\"3c7e3485\" data-element_type=\"container\">\n\t\t\t\t\t<div class=\"e-con-inner\">\n\t\t\t\t<div class=\"elementor-element elementor-element-11fe982a elementor-widget__width-auto elementor-widget elementor-widget-heading\" data-id=\"11fe982a\" data-element_type=\"widget\" data-widget_type=\"heading.default\">\n\t\t\t\t<div class=\"elementor-widget-container\">\n\t\t\t\t\t<h1 class=\"elementor-heading-title elementor-size-default\">Find Us<\/h1>\t\t\t\t<\/div>\n\t\t\t\t<\/div>\n\t\t\t\t\t<\/div>\n\t\t\t\t<\/div>\n\t\t<div class=\"elementor-element elementor-element-4332803 e-flex e-con-boxed e-con e-child\" data-id=\"4332803\" data-element_type=\"container\">\n\t\t\t\t\t<div class=\"e-con-inner\">\n\t\t\t\t<div class=\"elementor-element elementor-element-7d4f1c1 elementor-widget__width-initial elementor-widget elementor-widget-text-editor\" data-id=\"7d4f1c1\" data-element_type=\"widget\" data-widget_type=\"text-editor.default\">\n\t\t\t\t<div class=\"elementor-widget-container\">\n\t\t\t\t\t\t\t\t\t<p>KiCHIC is located on the Peruvian north shore, on a beach called Mancora. It is always summer time in Mancora because it is so close to the Equatorial line.<\/p>\t\t\t\t\t\t\t\t<\/div>\n\t\t\t\t<\/div>\n\t\t\t\t<div class=\"elementor-element elementor-element-f63cf06 elementor-widget-divider--view-line elementor-widget elementor-widget-divider\" data-id=\"f63cf06\" data-element_type=\"widget\" data-widget_type=\"divider.default\">\n\t\t\t\t<div class=\"elementor-widget-container\">\n\t\t\t\t\t\t\t<div class=\"elementor-divider\">\n\t\t\t<span class=\"elementor-divider-separator\">\n\t\t\t\t\t\t<\/span>\n\t\t<\/div>\n\t\t\t\t\t\t<\/div>\n\t\t\t\t<\/div>\n\t\t\t\t<div class=\"elementor-element elementor-element-dcb7c27 elementor-widget elementor-widget-image\" data-id=\"dcb7c27\" data-element_type=\"widget\" data-widget_type=\"image.default\">\n\t\t\t\t<div class=\"elementor-widget-container\">\n\t\t\t\t\t\t\t\t\t\t\t\t\t\t\t<img fetchpriority=\"high\" decoding=\"async\" width=\"1473\" height=\"588\" src=\"https:\/\/www.kichic.pe\/wp-content\/uploads\/2023\/01\/location-1485300699-997.jpg\" class=\"attachment-full size-full wp-image-749\" alt=\"\" srcset=\"https:\/\/www.kichic.pe\/wp-content\/uploads\/2023\/01\/location-1485300699-997.jpg 1473w, https:\/\/www.kichic.pe\/wp-content\/uploads\/2023\/01\/location-1485300699-997-300x120.jpg 300w, https:\/\/www.kichic.pe\/wp-content\/uploads\/2023\/01\/location-1485300699-997-1024x409.jpg 1024w, https:\/\/www.kichic.pe\/wp-content\/uploads\/2023\/01\/location-1485300699-997-768x307.jpg 768w\" sizes=\"(max-width: 1473px) 100vw, 1473px\" \/>\t\t\t\t\t\t\t\t\t\t\t\t\t\t\t<\/div>\n\t\t\t\t<\/div>\n\t\t\t\t<div class=\"elementor-element elementor-element-fd5860b elementor-widget__width-auto elementor-widget elementor-widget-heading\" data-id=\"fd5860b\" data-element_type=\"widget\" data-widget_type=\"heading.default\">\n\t\t\t\t<div class=\"elementor-widget-container\">\n\t\t\t\t\t<h2 class=\"elementor-heading-title elementor-size-default\">Getting here<\/h2>\t\t\t\t<\/div>\n\t\t\t\t<\/div>\n\t\t<div class=\"elementor-element elementor-element-732c2e0 e-flex e-con-boxed e-con e-child\" data-id=\"732c2e0\" data-element_type=\"container\">\n\t\t\t\t\t<div class=\"e-con-inner\">\n\t\t<div class=\"elementor-element elementor-element-9bef239 e-flex e-con-boxed e-con e-child\" data-id=\"9bef239\" data-element_type=\"container\">\n\t\t\t\t\t<div class=\"e-con-inner\">\n\t\t\t\t<div class=\"elementor-element elementor-element-5304675 elementor-position-top elementor-widget elementor-widget-image-box\" data-id=\"5304675\" data-element_type=\"widget\" data-widget_type=\"image-box.default\">\n\t\t\t\t<div class=\"elementor-widget-container\">\n\t\t\t\t\t<div class=\"elementor-image-box-wrapper\"><figure class=\"elementor-image-box-img\"><img decoding=\"async\" width=\"175\" height=\"123\" src=\"https:\/\/www.kichic.pe\/wp-content\/uploads\/2023\/01\/location-1485300801-222.png\" class=\"attachment-full size-full wp-image-750\" alt=\"\" \/><\/figure><div class=\"elementor-image-box-content\"><h3 class=\"elementor-image-box-title\">Step 1<\/h3><p class=\"elementor-image-box-description\"><h4>Airports:<\/h4>\n<strong>Lima - Talara<\/strong> (1hr 40 min)<br>\n<strong>Lima - Piura<\/strong> (1hr 35 min)<br>\n<strong>Lima - Tumbes<\/strong> (1hr 50 min)<\/p><\/div><\/div>\t\t\t\t<\/div>\n\t\t\t\t<\/div>\n\t\t\t\t<div class=\"elementor-element elementor-element-af60cfe elementor-widget elementor-widget-image\" data-id=\"af60cfe\" data-element_type=\"widget\" data-widget_type=\"image.default\">\n\t\t\t\t<div class=\"elementor-widget-container\">\n\t\t\t\t\t\t\t\t\t\t\t\t\t\t\t<img decoding=\"async\" width=\"627\" height=\"627\" src=\"https:\/\/www.kichic.pe\/wp-content\/uploads\/2023\/01\/location-1485300869-902.jpg\" class=\"attachment-full size-full wp-image-752\" alt=\"\" srcset=\"https:\/\/www.kichic.pe\/wp-content\/uploads\/2023\/01\/location-1485300869-902.jpg 627w, https:\/\/www.kichic.pe\/wp-content\/uploads\/2023\/01\/location-1485300869-902-300x300.jpg 300w, https:\/\/www.kichic.pe\/wp-content\/uploads\/2023\/01\/location-1485300869-902-150x150.jpg 150w\" sizes=\"(max-width: 627px) 100vw, 627px\" \/>\t\t\t\t\t\t\t\t\t\t\t\t\t\t\t<\/div>\n\t\t\t\t<\/div>\n\t\t\t\t\t<\/div>\n\t\t\t\t<\/div>\n\t\t<div class=\"elementor-element elementor-element-8da3931 e-flex e-con-boxed e-con e-child\" data-id=\"8da3931\" data-element_type=\"container\">\n\t\t\t\t\t<div class=\"e-con-inner\">\n\t\t\t\t<div class=\"elementor-element elementor-element-4c81105 elementor-position-top elementor-widget elementor-widget-image-box\" data-id=\"4c81105\" data-element_type=\"widget\" data-widget_type=\"image-box.default\">\n\t\t\t\t<div class=\"elementor-widget-container\">\n\t\t\t\t\t<div class=\"elementor-image-box-wrapper\"><figure class=\"elementor-image-box-img\"><img loading=\"lazy\" decoding=\"async\" width=\"134\" height=\"126\" src=\"https:\/\/www.kichic.pe\/wp-content\/uploads\/2023\/01\/location-1485300818-805.png\" class=\"attachment-full size-full wp-image-751\" alt=\"\" \/><\/figure><div class=\"elementor-image-box-content\"><h3 class=\"elementor-image-box-title\">Step 2<\/h3><p class=\"elementor-image-box-description\"><h4>Taxi to KiCHIC<\/h4>\n<strong>Talara - KiCHIC<\/strong> (1hr 15 min)<br>\n<strong>Piura - KiCHIC<\/strong> (2hr 30 min)<br>\n<strong>Tumbes - KiCHIC<\/strong>(1hr 45 min)<\/p><\/div><\/div>\t\t\t\t<\/div>\n\t\t\t\t<\/div>\n\t\t\t\t<div class=\"elementor-element elementor-element-dcb9be0 elementor-widget elementor-widget-image\" data-id=\"dcb9be0\" data-element_type=\"widget\" data-widget_type=\"image.default\">\n\t\t\t\t<div class=\"elementor-widget-container\">\n\t\t\t\t\t\t\t\t\t\t\t\t\t\t\t<img loading=\"lazy\" decoding=\"async\" width=\"392\" height=\"390\" src=\"https:\/\/www.kichic.pe\/wp-content\/uploads\/2023\/01\/location-1485300888-748.jpg\" class=\"attachment-full size-full wp-image-753\" alt=\"\" srcset=\"https:\/\/www.kichic.pe\/wp-content\/uploads\/2023\/01\/location-1485300888-748.jpg 392w, https:\/\/www.kichic.pe\/wp-content\/uploads\/2023\/01\/location-1485300888-748-300x298.jpg 300w, https:\/\/www.kichic.pe\/wp-content\/uploads\/2023\/01\/location-1485300888-748-150x150.jpg 150w\" sizes=\"(max-width: 392px) 100vw, 392px\" \/>\t\t\t\t\t\t\t\t\t\t\t\t\t\t\t<\/div>\n\t\t\t\t<\/div>\n\t\t\t\t\t<\/div>\n\t\t\t\t<\/div>\n\t\t\t\t\t<\/div>\n\t\t\t\t<\/div>\n\t\t\t\t<div class=\"elementor-element elementor-element-8902a13 elementor-widget elementor-widget-google_maps\" data-id=\"8902a13\" data-element_type=\"widget\" data-widget_type=\"google_maps.default\">\n\t\t\t\t<div class=\"elementor-widget-container\">\n\t\t\t\t\t\t\t<div class=\"elementor-custom-embed\">\n\t\t\t<iframe loading=\"lazy\"\n\t\t\t\t\tsrc=\"https:\/\/maps.google.com\/maps?q=Kichic%20M%C3%A1ncora&#038;t=m&#038;z=10&#038;output=embed&#038;iwloc=near\"\n\t\t\t\t\ttitle=\"Kichic M\u00e1ncora\"\n\t\t\t\t\taria-label=\"Kichic M\u00e1ncora\"\n\t\t\t><\/iframe>\n\t\t<\/div>\n\t\t\t\t\t\t<\/div>\n\t\t\t\t<\/div>\n\t\t\t\t<div class=\"elementor-element elementor-element-498b98a elementor-align-center elementor-widget elementor-widget-button\" data-id=\"498b98a\" data-element_type=\"widget\" data-widget_type=\"button.default\">\n\t\t\t\t<div class=\"elementor-widget-container\">\n\t\t\t\t\t\t\t\t\t<div class=\"elementor-button-wrapper\">\n\t\t\t\t\t<a class=\"elementor-button elementor-button-link elementor-size-sm\" href=\"https:\/\/www.google.com\/maps\/place\/Kichic\/@-4.1269634,-81.0985098,17z\/data=!3m1!4b1!4m9!3m8!1s0x903693c748e1e931:0x895ebc77498f7ee!5m2!4m1!1i2!8m2!3d-4.1269688!4d-81.0963211!16s%2Fg%2F11btmqwmc0\" target=\"_blank\" rel=\"nofollow noopener\">\n\t\t\t\t\t\t<span class=\"elementor-button-content-wrapper\">\n\t\t\t\t\t\t\t\t\t<span class=\"elementor-button-text\">View in Google Maps<\/span>\n\t\t\t\t\t<\/span>\n\t\t\t\t\t<\/a>\n\t\t\t\t<\/div>\n\t\t\t\t\t\t\t\t<\/div>\n\t\t\t\t<\/div>\n\t\t\t\t\t<\/div>\n\t\t\t\t<\/div>\n\t\t\t\t\t<\/div>\n\t\t\t\t<\/main>\n\t\t\t\t<\/div>","protected":false},"excerpt":{"rendered":"<p>Estamos ubicados en una playa norte\u00f1a de la costa peruana llamada M\u00e1ncora; en donde hay sol y un buen clima durante todo el a\u00f1o por su cercan\u00eda a la l\u00ednea ecuatorial. C\u00f3mo llegar Paso 1 Aeropuertos: Lima &#8211; Talara (1hr 40 min) Lima &#8211; Piura (1hr 35 min) Lima &#8211; Tumbes (1hr 50 min) Paso [&hellip;]<\/p>","protected":false},"author":1982,"featured_media":0,"parent":0,"menu_order":0,"comment_status":"closed","ping_status":"closed","template":"elementor_header_footer","meta":{"_acf_changed":false,"footnotes":""},"class_list":["post-351","page","type-page","status-publish","hentry"],"acf":[],"_links":{"self":[{"href":"https:\/\/www.kichic.pe\/en\/wp-json\/wp\/v2\/pages\/351","targetHints":{"allow":["GET"]}}],"collection":[{"href":"https:\/\/www.kichic.pe\/en\/wp-json\/wp\/v2\/pages"}],"about":[{"href":"https:\/\/www.kichic.pe\/en\/wp-json\/wp\/v2\/types\/page"}],"author":[{"embeddable":true,"href":"https:\/\/www.kichic.pe\/en\/wp-json\/wp\/v2\/users\/1982"}],"replies":[{"embeddable":true,"href":"https:\/\/www.kichic.pe\/en\/wp-json\/wp\/v2\/comments?post=351"}],"version-history":[{"count":0,"href":"https:\/\/www.kichic.pe\/en\/wp-json\/wp\/v2\/pages\/351\/revisions"}],"wp:attachment":[{"href":"https:\/\/www.kichic.pe\/en\/wp-json\/wp\/v2\/media?parent=351"}],"curies":[{"name":"wp","href":"https:\/\/api.w.org\/{rel}","templated":true}]}}