{"id":350,"date":"2023-01-27T09:53:59","date_gmt":"2023-01-27T14:53:59","guid":{"rendered":"https:\/\/www.kichic.pe\/kichic-life\/"},"modified":"2025-06-23T09:54:31","modified_gmt":"2025-06-23T14:54:31","slug":"kichic-life","status":"publish","type":"page","link":"https:\/\/www.kichic.pe\/en\/kichic-life\/","title":{"rendered":"KiCHIC Life"},"content":{"rendered":"<div data-elementor-type=\"wp-page\" data-elementor-id=\"350\" class=\"elementor elementor-350\" data-elementor-post-type=\"page\">\n\t\t\t\t<main class=\"elementor-element elementor-element-e4788b3 e-flex e-con-boxed e-con e-parent\" data-id=\"e4788b3\" data-element_type=\"container\">\n\t\t\t\t\t<div class=\"e-con-inner\">\n\t\t<div class=\"elementor-element elementor-element-7c36172 e-flex e-con-boxed e-con e-child\" data-id=\"7c36172\" data-element_type=\"container\">\n\t\t\t\t\t<div class=\"e-con-inner\">\n\t\t\t\t<div class=\"elementor-element elementor-element-a004215 elementor-widget__width-auto elementor-widget elementor-widget-heading\" data-id=\"a004215\" data-element_type=\"widget\" data-widget_type=\"heading.default\">\n\t\t\t\t<div class=\"elementor-widget-container\">\n\t\t\t\t\t<h1 class=\"elementor-heading-title elementor-size-default\">KiCHIC Life<\/h1>\t\t\t\t<\/div>\n\t\t\t\t<\/div>\n\t\t\t\t<div class=\"elementor-element elementor-element-f405e95 elementor-widget__width-initial elementor-widget elementor-widget-text-editor\" data-id=\"f405e95\" data-element_type=\"widget\" data-widget_type=\"text-editor.default\">\n\t\t\t\t<div class=\"elementor-widget-container\">\n\t\t\t\t\t\t\t\t\t<p>What is now known as KiCHIC was once the owner's home.<\/p><p>KiCHIC was created with the intention of appealing to the senses through details, warmth, and spaces.<\/p><p>The word Ki means vital energy, CHIC is synonymous with style and creativity. KiCHIC is the balance between matter and spirit.<\/p><p>KiCHIC is a space to find connection and rest\u2026 that is why we believe that, to achieve this, an atmosphere of peace and tranquility is important.<\/p><p><b>KiCHIC is for adults only.<\/b><\/p>\t\t\t\t\t\t\t\t<\/div>\n\t\t\t\t<\/div>\n\t\t\t\t<div class=\"elementor-element elementor-element-72a0ac3 elementor-widget elementor-widget-video\" data-id=\"72a0ac3\" data-element_type=\"widget\" data-settings=\"{&quot;show_image_overlay&quot;:&quot;yes&quot;,&quot;image_overlay&quot;:{&quot;url&quot;:&quot;https:\\\/\\\/www.kichic.pe\\\/wp-content\\\/uploads\\\/2023\\\/01\\\/kichic-life-36.jpg&quot;,&quot;id&quot;:687,&quot;size&quot;:&quot;&quot;,&quot;alt&quot;:&quot;&quot;,&quot;source&quot;:&quot;library&quot;},&quot;video_type&quot;:&quot;hosted&quot;,&quot;controls&quot;:&quot;yes&quot;}\" data-widget_type=\"video.default\">\n\t\t\t\t<div class=\"elementor-widget-container\">\n\t\t\t\t\t\t\t<div class=\"e-hosted-video elementor-wrapper elementor-open-inline\">\n\t\t\t\t\t<video class=\"elementor-video\" src=\"https:\/\/www.kichic.pe\/the-perfect-balance-v5.mp4\" controls=\"\" preload=\"metadata\" controlslist=\"nodownload\"><\/video>\n\t\t\t\t\t\t<div class=\"elementor-custom-embed-image-overlay\" style=\"background-image: url(https:\/\/www.kichic.pe\/wp-content\/uploads\/2023\/01\/kichic-life-36.jpg);\">\n\t\t\t\t\t\t\t\t\t\t\t\t\t\t\t\t<div class=\"elementor-custom-embed-play\" role=\"button\" aria-label=\"Play Video\" tabindex=\"0\">\n\t\t\t\t\t\t\t<svg aria-hidden=\"true\" class=\"e-font-icon-svg e-eicon-play\" viewbox=\"0 0 1000 1000\" xmlns=\"http:\/\/www.w3.org\/2000\/svg\"><path d=\"M838 162C746 71 633 25 500 25 371 25 258 71 163 162 71 254 25 367 25 500 25 633 71 746 163 837 254 929 367 979 500 979 633 979 746 933 838 837 929 746 975 633 975 500 975 367 929 254 838 162M808 192C892 279 933 379 933 500 933 621 892 725 808 808 725 892 621 938 500 938 379 938 279 896 196 808 113 725 67 621 67 500 67 379 108 279 196 192 279 108 383 62 500 62 621 62 721 108 808 192M438 392V642L642 517 438 392Z\"><\/path><\/svg>\t\t\t\t\t\t<\/div>\n\t\t\t\t\t\t\t\t\t<\/div>\n\t\t\t\t\t<\/div>\n\t\t\t\t\t\t<\/div>\n\t\t\t\t<\/div>\n\t\t\t\t<div class=\"elementor-element elementor-element-de051db elementor-widget elementor-widget-gallery\" data-id=\"de051db\" data-element_type=\"widget\" data-settings=\"{&quot;gallery_layout&quot;:&quot;masonry&quot;,&quot;columns&quot;:5,&quot;gap&quot;:{&quot;unit&quot;:&quot;px&quot;,&quot;size&quot;:4,&quot;sizes&quot;:[]},&quot;image_hover_animation&quot;:&quot;grow&quot;,&quot;lazyload&quot;:&quot;yes&quot;,&quot;columns_tablet&quot;:2,&quot;columns_mobile&quot;:1,&quot;gap_tablet&quot;:{&quot;unit&quot;:&quot;px&quot;,&quot;size&quot;:10,&quot;sizes&quot;:[]},&quot;gap_mobile&quot;:{&quot;unit&quot;:&quot;px&quot;,&quot;size&quot;:10,&quot;sizes&quot;:[]},&quot;link_to&quot;:&quot;file&quot;,&quot;overlay_background&quot;:&quot;yes&quot;,&quot;content_hover_animation&quot;:&quot;fade-in&quot;}\" data-widget_type=\"gallery.default\">\n\t\t\t\t<div class=\"elementor-widget-container\">\n\t\t\t\t\t\t\t<div class=\"elementor-gallery__container\">\n\t\t\t\t\t\t\t<a class=\"e-gallery-item elementor-gallery-item elementor-animated-content\" href=\"https:\/\/www.kichic.pe\/wp-content\/uploads\/2024\/09\/kichic-life-202409-01.webp\" data-elementor-open-lightbox=\"yes\" data-elementor-lightbox-slideshow=\"de051db\" data-elementor-lightbox-title=\"kichic-life-202409-01\" data-e-action-hash=\"#elementor-action%3Aaction%3Dlightbox%26settings%3DeyJpZCI6OTEyLCJ1cmwiOiJodHRwczpcL1wvd3d3LmtpY2hpYy5wZVwvd3AtY29udGVudFwvdXBsb2Fkc1wvMjAyNFwvMDlcL2tpY2hpYy1saWZlLTIwMjQwOS0wMS53ZWJwIiwic2xpZGVzaG93IjoiZGUwNTFkYiJ9\">\n\t\t\t\t\t<div class=\"e-gallery-image elementor-gallery-item__image\" data-thumbnail=\"https:\/\/www.kichic.pe\/wp-content\/uploads\/2024\/09\/kichic-life-202409-01-768x1072.webp\" data-width=\"768\" data-height=\"1072\" aria-label=\"\" role=\"img\" ><\/div>\n\t\t\t\t\t\t\t\t\t\t\t<div class=\"elementor-gallery-item__overlay\"><\/div>\n\t\t\t\t\t\t\t\t\t\t\t\t\t\t<\/a>\n\t\t\t\t\t\t\t<a class=\"e-gallery-item elementor-gallery-item elementor-animated-content\" href=\"https:\/\/www.kichic.pe\/wp-content\/uploads\/2024\/09\/kichic-life-202409-02.webp\" data-elementor-open-lightbox=\"yes\" data-elementor-lightbox-slideshow=\"de051db\" data-elementor-lightbox-title=\"kichic-life-202409-02\" data-e-action-hash=\"#elementor-action%3Aaction%3Dlightbox%26settings%3DeyJpZCI6OTEzLCJ1cmwiOiJodHRwczpcL1wvd3d3LmtpY2hpYy5wZVwvd3AtY29udGVudFwvdXBsb2Fkc1wvMjAyNFwvMDlcL2tpY2hpYy1saWZlLTIwMjQwOS0wMi53ZWJwIiwic2xpZGVzaG93IjoiZGUwNTFkYiJ9\">\n\t\t\t\t\t<div class=\"e-gallery-image elementor-gallery-item__image\" data-thumbnail=\"https:\/\/www.kichic.pe\/wp-content\/uploads\/2024\/09\/kichic-life-202409-02-768x512.webp\" data-width=\"768\" data-height=\"512\" aria-label=\"\" role=\"img\" ><\/div>\n\t\t\t\t\t\t\t\t\t\t\t<div class=\"elementor-gallery-item__overlay\"><\/div>\n\t\t\t\t\t\t\t\t\t\t\t\t\t\t<\/a>\n\t\t\t\t\t\t\t<a class=\"e-gallery-item elementor-gallery-item elementor-animated-content\" href=\"https:\/\/www.kichic.pe\/wp-content\/uploads\/2024\/09\/kichic-life-202409-11.webp\" data-elementor-open-lightbox=\"yes\" data-elementor-lightbox-slideshow=\"de051db\" data-elementor-lightbox-title=\"kichic-life-202409-11\" data-e-action-hash=\"#elementor-action%3Aaction%3Dlightbox%26settings%3DeyJpZCI6OTIzLCJ1cmwiOiJodHRwczpcL1wvd3d3LmtpY2hpYy5wZVwvd3AtY29udGVudFwvdXBsb2Fkc1wvMjAyNFwvMDlcL2tpY2hpYy1saWZlLTIwMjQwOS0xMS53ZWJwIiwic2xpZGVzaG93IjoiZGUwNTFkYiJ9\">\n\t\t\t\t\t<div class=\"e-gallery-image elementor-gallery-item__image\" data-thumbnail=\"https:\/\/www.kichic.pe\/wp-content\/uploads\/2024\/09\/kichic-life-202409-11-768x1151.webp\" data-width=\"768\" data-height=\"1151\" aria-label=\"\" role=\"img\" ><\/div>\n\t\t\t\t\t\t\t\t\t\t\t<div class=\"elementor-gallery-item__overlay\"><\/div>\n\t\t\t\t\t\t\t\t\t\t\t\t\t\t<\/a>\n\t\t\t\t\t\t\t<a class=\"e-gallery-item elementor-gallery-item elementor-animated-content\" href=\"https:\/\/www.kichic.pe\/wp-content\/uploads\/2024\/09\/kichic-life-202409-10.webp\" data-elementor-open-lightbox=\"yes\" data-elementor-lightbox-slideshow=\"de051db\" data-elementor-lightbox-title=\"kichic-life-202409-10\" data-e-action-hash=\"#elementor-action%3Aaction%3Dlightbox%26settings%3DeyJpZCI6OTIyLCJ1cmwiOiJodHRwczpcL1wvd3d3LmtpY2hpYy5wZVwvd3AtY29udGVudFwvdXBsb2Fkc1wvMjAyNFwvMDlcL2tpY2hpYy1saWZlLTIwMjQwOS0xMC53ZWJwIiwic2xpZGVzaG93IjoiZGUwNTFkYiJ9\">\n\t\t\t\t\t<div class=\"e-gallery-image elementor-gallery-item__image\" data-thumbnail=\"https:\/\/www.kichic.pe\/wp-content\/uploads\/2024\/09\/kichic-life-202409-10-768x513.webp\" data-width=\"768\" data-height=\"513\" aria-label=\"\" role=\"img\" ><\/div>\n\t\t\t\t\t\t\t\t\t\t\t<div class=\"elementor-gallery-item__overlay\"><\/div>\n\t\t\t\t\t\t\t\t\t\t\t\t\t\t<\/a>\n\t\t\t\t\t\t\t<a class=\"e-gallery-item elementor-gallery-item elementor-animated-content\" href=\"https:\/\/www.kichic.pe\/wp-content\/uploads\/2024\/09\/kichic-life-202409-08.webp\" data-elementor-open-lightbox=\"yes\" data-elementor-lightbox-slideshow=\"de051db\" data-elementor-lightbox-title=\"kichic-life-202409-08\" data-e-action-hash=\"#elementor-action%3Aaction%3Dlightbox%26settings%3DeyJpZCI6OTE5LCJ1cmwiOiJodHRwczpcL1wvd3d3LmtpY2hpYy5wZVwvd3AtY29udGVudFwvdXBsb2Fkc1wvMjAyNFwvMDlcL2tpY2hpYy1saWZlLTIwMjQwOS0wOC53ZWJwIiwic2xpZGVzaG93IjoiZGUwNTFkYiJ9\">\n\t\t\t\t\t<div class=\"e-gallery-image elementor-gallery-item__image\" data-thumbnail=\"https:\/\/www.kichic.pe\/wp-content\/uploads\/2024\/09\/kichic-life-202409-08-768x1151.webp\" data-width=\"768\" data-height=\"1151\" aria-label=\"\" role=\"img\" ><\/div>\n\t\t\t\t\t\t\t\t\t\t\t<div class=\"elementor-gallery-item__overlay\"><\/div>\n\t\t\t\t\t\t\t\t\t\t\t\t\t\t<\/a>\n\t\t\t\t\t\t\t<a class=\"e-gallery-item elementor-gallery-item elementor-animated-content\" href=\"https:\/\/www.kichic.pe\/wp-content\/uploads\/2024\/09\/kichic-life-202409-09.webp\" data-elementor-open-lightbox=\"yes\" data-elementor-lightbox-slideshow=\"de051db\" data-elementor-lightbox-title=\"kichic-life-202409-09\" data-e-action-hash=\"#elementor-action%3Aaction%3Dlightbox%26settings%3DeyJpZCI6OTIxLCJ1cmwiOiJodHRwczpcL1wvd3d3LmtpY2hpYy5wZVwvd3AtY29udGVudFwvdXBsb2Fkc1wvMjAyNFwvMDlcL2tpY2hpYy1saWZlLTIwMjQwOS0wOS53ZWJwIiwic2xpZGVzaG93IjoiZGUwNTFkYiJ9\">\n\t\t\t\t\t<div class=\"e-gallery-image elementor-gallery-item__image\" data-thumbnail=\"https:\/\/www.kichic.pe\/wp-content\/uploads\/2024\/09\/kichic-life-202409-09-768x1151.webp\" data-width=\"768\" data-height=\"1151\" aria-label=\"\" role=\"img\" ><\/div>\n\t\t\t\t\t\t\t\t\t\t\t<div class=\"elementor-gallery-item__overlay\"><\/div>\n\t\t\t\t\t\t\t\t\t\t\t\t\t\t<\/a>\n\t\t\t\t\t\t\t<a class=\"e-gallery-item elementor-gallery-item elementor-animated-content\" href=\"https:\/\/www.kichic.pe\/wp-content\/uploads\/2024\/09\/kichic-life-202409-03.webp\" data-elementor-open-lightbox=\"yes\" data-elementor-lightbox-slideshow=\"de051db\" data-elementor-lightbox-title=\"kichic-life-202409-03\" data-e-action-hash=\"#elementor-action%3Aaction%3Dlightbox%26settings%3DeyJpZCI6OTE0LCJ1cmwiOiJodHRwczpcL1wvd3d3LmtpY2hpYy5wZVwvd3AtY29udGVudFwvdXBsb2Fkc1wvMjAyNFwvMDlcL2tpY2hpYy1saWZlLTIwMjQwOS0wMy53ZWJwIiwic2xpZGVzaG93IjoiZGUwNTFkYiJ9\">\n\t\t\t\t\t<div class=\"e-gallery-image elementor-gallery-item__image\" data-thumbnail=\"https:\/\/www.kichic.pe\/wp-content\/uploads\/2024\/09\/kichic-life-202409-03-768x1152.webp\" data-width=\"768\" data-height=\"1152\" aria-label=\"\" role=\"img\" ><\/div>\n\t\t\t\t\t\t\t\t\t\t\t<div class=\"elementor-gallery-item__overlay\"><\/div>\n\t\t\t\t\t\t\t\t\t\t\t\t\t\t<\/a>\n\t\t\t\t\t\t\t<a class=\"e-gallery-item elementor-gallery-item elementor-animated-content\" href=\"https:\/\/www.kichic.pe\/wp-content\/uploads\/2024\/09\/kichic-life-202409-04.webp\" data-elementor-open-lightbox=\"yes\" data-elementor-lightbox-slideshow=\"de051db\" data-elementor-lightbox-title=\"kichic-life-202409-04\" data-e-action-hash=\"#elementor-action%3Aaction%3Dlightbox%26settings%3DeyJpZCI6OTE1LCJ1cmwiOiJodHRwczpcL1wvd3d3LmtpY2hpYy5wZVwvd3AtY29udGVudFwvdXBsb2Fkc1wvMjAyNFwvMDlcL2tpY2hpYy1saWZlLTIwMjQwOS0wNC53ZWJwIiwic2xpZGVzaG93IjoiZGUwNTFkYiJ9\">\n\t\t\t\t\t<div class=\"e-gallery-image elementor-gallery-item__image\" data-thumbnail=\"https:\/\/www.kichic.pe\/wp-content\/uploads\/2024\/09\/kichic-life-202409-04-768x1152.webp\" data-width=\"768\" data-height=\"1152\" aria-label=\"\" role=\"img\" ><\/div>\n\t\t\t\t\t\t\t\t\t\t\t<div class=\"elementor-gallery-item__overlay\"><\/div>\n\t\t\t\t\t\t\t\t\t\t\t\t\t\t<\/a>\n\t\t\t\t\t\t\t<a class=\"e-gallery-item elementor-gallery-item elementor-animated-content\" href=\"https:\/\/www.kichic.pe\/wp-content\/uploads\/2024\/09\/kichic-life-202409-05.webp\" data-elementor-open-lightbox=\"yes\" data-elementor-lightbox-slideshow=\"de051db\" data-elementor-lightbox-title=\"kichic-life-202409-05\" data-e-action-hash=\"#elementor-action%3Aaction%3Dlightbox%26settings%3DeyJpZCI6OTE2LCJ1cmwiOiJodHRwczpcL1wvd3d3LmtpY2hpYy5wZVwvd3AtY29udGVudFwvdXBsb2Fkc1wvMjAyNFwvMDlcL2tpY2hpYy1saWZlLTIwMjQwOS0wNS53ZWJwIiwic2xpZGVzaG93IjoiZGUwNTFkYiJ9\">\n\t\t\t\t\t<div class=\"e-gallery-image elementor-gallery-item__image\" data-thumbnail=\"https:\/\/www.kichic.pe\/wp-content\/uploads\/2024\/09\/kichic-life-202409-05-768x1152.webp\" data-width=\"768\" data-height=\"1152\" aria-label=\"\" role=\"img\" ><\/div>\n\t\t\t\t\t\t\t\t\t\t\t<div class=\"elementor-gallery-item__overlay\"><\/div>\n\t\t\t\t\t\t\t\t\t\t\t\t\t\t<\/a>\n\t\t\t\t\t\t\t<a class=\"e-gallery-item elementor-gallery-item elementor-animated-content\" href=\"https:\/\/www.kichic.pe\/wp-content\/uploads\/2024\/09\/kichic-life-202409-06.webp\" data-elementor-open-lightbox=\"yes\" data-elementor-lightbox-slideshow=\"de051db\" data-elementor-lightbox-title=\"kichic-life-202409-06\" data-e-action-hash=\"#elementor-action%3Aaction%3Dlightbox%26settings%3DeyJpZCI6OTE3LCJ1cmwiOiJodHRwczpcL1wvd3d3LmtpY2hpYy5wZVwvd3AtY29udGVudFwvdXBsb2Fkc1wvMjAyNFwvMDlcL2tpY2hpYy1saWZlLTIwMjQwOS0wNi53ZWJwIiwic2xpZGVzaG93IjoiZGUwNTFkYiJ9\">\n\t\t\t\t\t<div class=\"e-gallery-image elementor-gallery-item__image\" data-thumbnail=\"https:\/\/www.kichic.pe\/wp-content\/uploads\/2024\/09\/kichic-life-202409-06-768x1152.webp\" data-width=\"768\" data-height=\"1152\" aria-label=\"\" role=\"img\" ><\/div>\n\t\t\t\t\t\t\t\t\t\t\t<div class=\"elementor-gallery-item__overlay\"><\/div>\n\t\t\t\t\t\t\t\t\t\t\t\t\t\t<\/a>\n\t\t\t\t\t\t\t<a class=\"e-gallery-item elementor-gallery-item elementor-animated-content\" href=\"https:\/\/www.kichic.pe\/wp-content\/uploads\/2024\/09\/kichic-life-202409-07.webp\" data-elementor-open-lightbox=\"yes\" data-elementor-lightbox-slideshow=\"de051db\" data-elementor-lightbox-title=\"kichic-life-202409-07\" data-e-action-hash=\"#elementor-action%3Aaction%3Dlightbox%26settings%3DeyJpZCI6OTE4LCJ1cmwiOiJodHRwczpcL1wvd3d3LmtpY2hpYy5wZVwvd3AtY29udGVudFwvdXBsb2Fkc1wvMjAyNFwvMDlcL2tpY2hpYy1saWZlLTIwMjQwOS0wNy53ZWJwIiwic2xpZGVzaG93IjoiZGUwNTFkYiJ9\">\n\t\t\t\t\t<div class=\"e-gallery-image elementor-gallery-item__image\" data-thumbnail=\"https:\/\/www.kichic.pe\/wp-content\/uploads\/2024\/09\/kichic-life-202409-07-768x1151.webp\" data-width=\"768\" data-height=\"1151\" aria-label=\"\" role=\"img\" ><\/div>\n\t\t\t\t\t\t\t\t\t\t\t<div class=\"elementor-gallery-item__overlay\"><\/div>\n\t\t\t\t\t\t\t\t\t\t\t\t\t\t<\/a>\n\t\t\t\t\t<\/div>\n\t\t\t\t\t<\/div>\n\t\t\t\t<\/div>\n\t\t\t\t\t<\/div>\n\t\t\t\t<\/div>\n\t\t\t\t\t<\/div>\n\t\t\t\t<\/main>\n\t\t\t\t<\/div>","protected":false},"excerpt":{"rendered":"<p>Lo que ahora se conoce como KiCHIC, fue antes el hogar de la propietaria. KiCHIC fue creado con la intenci\u00f3n de apelar a los sentidos a trav\u00e9s de detalles, calidez, y espacios. La palabra Ki significa energ\u00eda vital, CHIC es sin\u00f3nimo de estilo y creatividad. KiCHIC es el balance entre la materia y el esp\u00edritu. [&hellip;]<\/p>","protected":false},"author":1982,"featured_media":0,"parent":0,"menu_order":0,"comment_status":"closed","ping_status":"closed","template":"elementor_header_footer","meta":{"_acf_changed":false,"footnotes":""},"class_list":["post-350","page","type-page","status-publish","hentry"],"acf":[],"_links":{"self":[{"href":"https:\/\/www.kichic.pe\/en\/wp-json\/wp\/v2\/pages\/350","targetHints":{"allow":["GET"]}}],"collection":[{"href":"https:\/\/www.kichic.pe\/en\/wp-json\/wp\/v2\/pages"}],"about":[{"href":"https:\/\/www.kichic.pe\/en\/wp-json\/wp\/v2\/types\/page"}],"author":[{"embeddable":true,"href":"https:\/\/www.kichic.pe\/en\/wp-json\/wp\/v2\/users\/1982"}],"replies":[{"embeddable":true,"href":"https:\/\/www.kichic.pe\/en\/wp-json\/wp\/v2\/comments?post=350"}],"version-history":[{"count":3,"href":"https:\/\/www.kichic.pe\/en\/wp-json\/wp\/v2\/pages\/350\/revisions"}],"predecessor-version":[{"id":2485,"href":"https:\/\/www.kichic.pe\/en\/wp-json\/wp\/v2\/pages\/350\/revisions\/2485"}],"wp:attachment":[{"href":"https:\/\/www.kichic.pe\/en\/wp-json\/wp\/v2\/media?parent=350"}],"curies":[{"name":"wp","href":"https:\/\/api.w.org\/{rel}","templated":true}]}}