{"id":128,"date":"2022-10-14T09:00:03","date_gmt":"2022-10-14T14:00:03","guid":{"rendered":"https:\/\/www.kichic.pe\/?page_id=128"},"modified":"2025-05-20T16:14:36","modified_gmt":"2025-05-20T21:14:36","slug":"terms-and-conditions","status":"publish","type":"page","link":"https:\/\/www.kichic.pe\/en\/terms-and-conditions\/","title":{"rendered":"Terms and conditions"},"content":{"rendered":"<h3 class=\"wp-block-heading\"><strong>Informaci\u00f3n Importante para tu Estad\u00eda en KiCHIC<\/strong><\/h3>\n\n\n\n<ul class=\"wp-block-list\">\n<li><strong>Check-in:<\/strong> A partir de las 3:00 p.m.<\/li>\n\n\n\n<li><strong>Check-out:<\/strong> Hasta las 12:00 p.m.<\/li>\n<\/ul>\n\n\n\n<p><\/p>\n\n\n\n<p>Si llegas antes o deseas salir despu\u00e9s del horario establecido, con gusto te brindaremos facilidades. Podemos guardar tu equipaje en recepci\u00f3n y permitirte el uso de las instalaciones el tiempo que necesites. Adem\u00e1s, contamos con un ba\u00f1o con ducha para que puedas disfrutar de la playa hasta el \u00faltimo momento.<\/p>\n\n\n\n<p>La reserva incluye un desayuno natural y balanceado al estilo KiCHIC, servido de <strong>8:00 a.m. a 11:00 a.m.<\/strong><\/p>\n\n\n\n<h3 class=\"wp-block-heading\"><strong>Tarifas y pagos<\/strong><\/h3>\n\n\n\n<ul class=\"wp-block-list\">\n<li>Our rates are expressed in <strong>US dollars (USD)<\/strong> and they are <strong>per room<\/strong>.<\/li>\n\n\n\n<li>The rates <strong>include VAT by default (10%)<\/strong> and the <strong>10% per service<\/strong>.<br>If you are a foreigner not residing in Peru, the VAT will be deducted when you make your payment.<\/li>\n\n\n\n<li>To confirm a reservation, a <strong>deposit of the 50% of the total amount<\/strong>.<\/li>\n\n\n\n<li>During high season (New Year&#039;s, Valentine&#039;s Day, Holy Week, Fiestas Patrias\/July 28), the <strong>100% of the total amount<\/strong> to make the reservation effective.<\/li>\n\n\n\n<li>Once the reservation is made, <strong>KiCHIC will contact you to manage the payment in a personalized manner.<\/strong>.<\/li>\n<\/ul>\n\n\n\n<h3 class=\"wp-block-heading\"><strong>Condiciones de cancelaci\u00f3n<\/strong><\/h3>\n\n\n\n<ul class=\"wp-block-list\">\n<li>Una vez realizado el pago, <strong>no se realizan reembolsos<\/strong>.<\/li>\n\n\n\n<li>Para solicitar una modificaci\u00f3n de fechas, es necesario comunicarlo con al menos <strong>30 d\u00edas de anticipaci\u00f3n<\/strong>. Todo cambio est\u00e1 sujeto a disponibilidad y <strong>no aplica para tarifas promocionales<\/strong>.<\/li>\n<\/ul>\n\n\n\n<h3 class=\"wp-block-heading\"><strong>Pol\u00edticas del alojamiento<\/strong><\/h3>\n\n\n\n<ul class=\"wp-block-list\">\n<li>Solo alojamos a <strong>mayores de 14 a\u00f1os<\/strong>.<\/li>\n\n\n\n<li><strong>No admitimos mascotas.<\/strong><\/li>\n\n\n\n<li><strong>No se permite fumar<\/strong> dentro de las habitaciones.<\/li>\n\n\n\n<li>Todas nuestras habitaciones son <strong>matrimoniales<\/strong>. Si requieres dos camas, por favor solic\u00edtalo con anticipaci\u00f3n.<\/li>\n\n\n\n<li><strong>No se permite el ingreso de alimentos, bebidas externas ni servicios externos.<\/strong><\/li>\n\n\n\n<li><strong>No contamos con bebidas gaseosas.<\/strong><\/li>\n\n\n\n<li>Los <strong>amenities KiCHIC<\/strong> (batas, bolso, botella de agua y toallas) son de uso exclusivo durante tu estad\u00eda.<\/li>\n\n\n\n<li>Por respeto a la privacidad de nuestros hu\u00e9spedes, <strong>no se permiten fotos ni videos con fines comerciales<\/strong>. Si necesitas hacerlo, por favor coordina previamente con la administraci\u00f3n.<\/li>\n\n\n\n<li>KiCHIC es un espacio de <strong>uso exclusivo para nuestros hu\u00e9spedes<\/strong>.<\/li>\n<\/ul>\n\n\n\n<h3 class=\"wp-block-heading\"><strong>Restaurant<\/strong><\/h3>\n\n\n\n<ul class=\"wp-block-list\">\n<li>El restaurante est\u00e1 disponible de <strong>1:00 p.m. a 10:00 p.m.<\/strong><br>Tenlo en cuenta si tu llegada es por la noche.<\/li>\n<\/ul>\n\n\n\n<h3 class=\"wp-block-heading\"><strong>Coordinaci\u00f3n de llegada<\/strong><\/h3>\n\n\n\n<p>Si necesitas ayuda con la coordinaci\u00f3n de tu llegada, no dudes en enviarnos tus datos de vuelo.<\/p>","protected":false},"excerpt":{"rendered":"<p>Informaci\u00f3n Importante para tu Estad\u00eda en KiCHIC Si llegas antes o deseas salir despu\u00e9s del horario establecido, con gusto te brindaremos facilidades. Podemos guardar tu equipaje en recepci\u00f3n y permitirte el uso de las instalaciones el tiempo que necesites. Adem\u00e1s, contamos con un ba\u00f1o con ducha para que puedas disfrutar de la playa hasta el [&hellip;]<\/p>","protected":false},"author":1982,"featured_media":0,"parent":0,"menu_order":0,"comment_status":"closed","ping_status":"closed","template":"","meta":{"_acf_changed":false,"footnotes":""},"class_list":["post-128","page","type-page","status-publish","hentry"],"acf":[],"_links":{"self":[{"href":"https:\/\/www.kichic.pe\/en\/wp-json\/wp\/v2\/pages\/128","targetHints":{"allow":["GET"]}}],"collection":[{"href":"https:\/\/www.kichic.pe\/en\/wp-json\/wp\/v2\/pages"}],"about":[{"href":"https:\/\/www.kichic.pe\/en\/wp-json\/wp\/v2\/types\/page"}],"author":[{"embeddable":true,"href":"https:\/\/www.kichic.pe\/en\/wp-json\/wp\/v2\/users\/1982"}],"replies":[{"embeddable":true,"href":"https:\/\/www.kichic.pe\/en\/wp-json\/wp\/v2\/comments?post=128"}],"version-history":[{"count":4,"href":"https:\/\/www.kichic.pe\/en\/wp-json\/wp\/v2\/pages\/128\/revisions"}],"predecessor-version":[{"id":2123,"href":"https:\/\/www.kichic.pe\/en\/wp-json\/wp\/v2\/pages\/128\/revisions\/2123"}],"wp:attachment":[{"href":"https:\/\/www.kichic.pe\/en\/wp-json\/wp\/v2\/media?parent=128"}],"curies":[{"name":"wp","href":"https:\/\/api.w.org\/{rel}","templated":true}]}}